{"id":193,"date":"2025-04-07T10:27:01","date_gmt":"2025-04-07T08:27:01","guid":{"rendered":"https:\/\/materialsdb.lesosai.com\/accueil\/"},"modified":"2025-11-02T15:48:25","modified_gmt":"2025-11-02T14:48:25","slug":"accueil","status":"publish","type":"page","link":"https:\/\/www.materialsdb.org\/de\/","title":{"rendered":"Empfang"},"content":{"rendered":"<div class=\"fusion-fullwidth fullwidth-box fusion-builder-row-1 fusion-flex-container nonhundred-percent-fullwidth non-hundred-percent-height-scrolling\" style=\"--awb-border-radius-top-left:0px;--awb-border-radius-top-right:0px;--awb-border-radius-bottom-right:0px;--awb-border-radius-bottom-left:0px;--awb-flex-wrap:wrap;\" ><div class=\"fusion-builder-row fusion-row fusion-flex-align-items-flex-start fusion-flex-content-wrap\" style=\"max-width:1040px;margin-left: calc(-4% \/ 2 );margin-right: calc(-4% \/ 2 );\"><div class=\"fusion-layout-column fusion_builder_column fusion-builder-column-0 fusion_builder_column_1_1 1_1 fusion-flex-column\" style=\"--awb-bg-size:cover;--awb-width-large:100%;--awb-margin-top-large:0px;--awb-spacing-right-large:1.92%;--awb-margin-bottom-large:0px;--awb-spacing-left-large:1.92%;--awb-width-medium:100%;--awb-spacing-right-medium:1.92%;--awb-spacing-left-medium:1.92%;--awb-width-small:100%;--awb-spacing-right-small:1.92%;--awb-spacing-left-small:1.92%;\"><div class=\"fusion-column-wrapper fusion-flex-justify-content-flex-start fusion-content-layout-column\"><div class=\"fusion-text fusion-text-1\"><p align=\"justify\">Wir begr\u00fcssen Sie auf Materialsdb, der Plattform zur \u00dcbermittlung von Daten zwischen Herstellern von Baumaterialien und Entwicklern von Bauphysiksoftware <strong>seit 2007\u00a0 (&gt;35 Hersteller und mehr als 5000 Benutzer<\/strong>).<\/p>\n<p align=\"justify\">Vor Materialsdb war die Aktualisierung von Baustofflisten in Rechenprogrammen m\u00fchsam und arbeitsaufw\u00e4ndig. Jedes Computerprogramm benutzte ein eigenes Daten- und Dateienformat und Hersteller gaben ihre Daten in verschiedenen Formaten heraus.<\/p>\n<p align=\"justify\">Diesem Problem ist Abhilfe geschaffen worden: heute steht mit Materialsdb ein Standard-Datenformat zur Verf\u00fcgung, das den weiten Bed\u00fcrfnissen des Markts und der Softwareanbieter gerecht wird. Die interdisziplin\u00e4re Arbeitsgruppe, welche dieses entwickelt hat, setzt sich aus der Firma\u00a0<a href=\"https:\/\/e4tech-software.com\/\">E4tech Software SA<\/a>, dem Fraunhofer Institut und den Baumaterialherstellern Flumroc, Isover, Morandi, Pavatex, Swisspor und Tuileries Fribourg + Lausanne zusammen. Finanziert wurde das Projekt durch die Hersteller, die in der Arbeitsgruppe mitgewirkt haben.<\/p>\n<p align=\"justify\">Diese Gruppe l\u00e4dt andere interessierte Hersteller ein, am Projekt teilzunehmen, um die Anzahl der dokumentierten Baustoffe weiter zu erh\u00f6hen. Die Teilnahme der Hersteller ist kostenpflichtig, die Benutzung der Plattform f\u00fcr Softwareanbieter und \u2013benutzer hingegen kostenlos.<\/p>\n<p>Ausk\u00fcfte erhalten Sie \u00fcber:\u00a0<a href=\"&#x6d;&#x61;&#x69;&#x6c;&#116;&#111;:ma&#x74;&#x65;&#x72;&#x69;&#97;&#108;sdb&#x40;&#x65;&#x34;&#x74;&#101;&#99;&#104;-s&#x6f;&#x66;&#x74;&#x77;&#97;&#114;&#101;&#46;c&#x6f;&#x6d;\">&#109;&#x61;&#116;&#x65;&#114;&#x69;&#97;&#x6c;&#115;&#x64;&#98;&#x40;&#101;&#x34;&#116;&#x65;&#99;&#x68;&#45;&#x73;&#111;&#x66;&#116;&#x77;&#97;&#x72;&#101;&#x2e;&#99;&#x6f;&#109;<\/a><\/p>\n<\/div><div class=\"fusion-separator fusion-full-width-sep\" style=\"align-self: center;margin-left: auto;margin-right: auto;margin-top:50px;width:100%;\"><\/div><div class=\"fusion-title title fusion-title-1 fusion-sep-none fusion-title-text fusion-title-size-four\" style=\"--awb-margin-top-small:10px;--awb-margin-right-small:0px;--awb-margin-bottom-small:10px;--awb-margin-left-small:0px;\"><h4 class=\"fusion-title-heading title-heading-left\" style=\"margin:0;\">Teilnehmende Hersteller<\/h4><\/div><\/div><\/div><div class=\"fusion-layout-column fusion_builder_column fusion-builder-column-1 fusion_builder_column_1_1 1_1 fusion-flex-column\" style=\"--awb-padding-top:40px;--awb-padding-right:40px;--awb-padding-bottom:40px;--awb-padding-left:40px;--awb-overflow:hidden;--awb-bg-size:cover;--awb-border-color:var(--awb-color4);--awb-border-top:2px;--awb-border-right:2px;--awb-border-bottom:2px;--awb-border-left:2px;--awb-border-style:solid;--awb-border-radius:10px 10px 10px 10px;--awb-width-large:100%;--awb-margin-top-large:10px;--awb-spacing-right-large:1.92%;--awb-margin-bottom-large:20px;--awb-spacing-left-large:1.92%;--awb-width-medium:100%;--awb-order-medium:0;--awb-spacing-right-medium:1.92%;--awb-spacing-left-medium:1.92%;--awb-width-small:100%;--awb-order-small:0;--awb-spacing-right-small:1.92%;--awb-spacing-left-small:1.92%;\" data-scroll-devices=\"small-visibility,medium-visibility,large-visibility\"><div class=\"fusion-column-wrapper fusion-column-has-shadow fusion-flex-justify-content-flex-start fusion-content-layout-column\"><div class=\"awb-gallery-wrapper awb-gallery-wrapper-1 button-span-no\" style=\"--more-btn-alignment:center;\"><div style=\"margin:-15px;--awb-bordersize:0px;\" class=\"fusion-gallery fusion-gallery-container fusion-grid-4 fusion-columns-total-37 fusion-gallery-layout-grid fusion-gallery-1\"><div style=\"padding:15px;\" class=\"fusion-grid-column fusion-gallery-column fusion-gallery-column-4 hover-type-zoomin\"><div class=\"fusion-gallery-image\"><a href=\"http:\/\/www.kabe-farben.ch\/\" target=\"_blank\"><img decoding=\"async\" src=\"https:\/\/www.materialsdb.org\/wp-content\/uploads\/sites\/3\/2025\/04\/Kabe.gif\" width=\"140\" height=\"70\" alt=\"\" title=\"Kabe\" aria-label=\"Kabe\" class=\"img-responsive wp-image-337\"  \/><\/a><\/div><\/div><div style=\"padding:15px;\" class=\"fusion-grid-column fusion-gallery-column fusion-gallery-column-4 hover-type-zoomin\"><div class=\"fusion-gallery-image\"><a href=\"http:\/\/www.stoag.ch\/\" target=\"_blank\"><img decoding=\"async\" src=\"https:\/\/www.materialsdb.org\/wp-content\/uploads\/sites\/3\/2025\/04\/Sto-1.png\" width=\"140\" height=\"70\" alt=\"\" title=\"Sto\" aria-label=\"Sto\" class=\"img-responsive wp-image-303\"  \/><\/a><\/div><\/div><div style=\"padding:15px;\" class=\"fusion-grid-column fusion-gallery-column fusion-gallery-column-4 hover-type-zoomin\"><div class=\"fusion-gallery-image\"><a href=\"http:\/\/www.gutex.de\/\" target=\"_blank\"><img decoding=\"async\" src=\"https:\/\/www.materialsdb.org\/wp-content\/uploads\/sites\/3\/2025\/04\/Gutex.png\" width=\"140\" height=\"70\" alt=\"\" title=\"Gutex\" aria-label=\"Gutex\" class=\"img-responsive wp-image-352\"  \/><\/a><\/div><\/div><div style=\"padding:15px;\" class=\"fusion-grid-column fusion-gallery-column fusion-gallery-column-4 hover-type-zoomin\"><div class=\"fusion-gallery-image\"><a href=\"http:\/\/www.terrabloc.ch\/\" target=\"_blank\"><img decoding=\"async\" src=\"https:\/\/www.materialsdb.org\/wp-content\/uploads\/sites\/3\/2025\/04\/Terrabloc.png\" width=\"140\" height=\"70\" alt=\"\" title=\"Terrabloc\" aria-label=\"Terrabloc\" class=\"img-responsive wp-image-291\"  \/><\/a><\/div><\/div><div class=\"clearfix\"><\/div><div style=\"padding:15px;\" class=\"fusion-grid-column fusion-gallery-column fusion-gallery-column-4 hover-type-zoomin\"><div class=\"fusion-gallery-image\"><a href=\"http:\/\/www.weber-marmoran.ch\/\" target=\"_blank\"><img decoding=\"async\" src=\"https:\/\/www.materialsdb.org\/wp-content\/uploads\/sites\/3\/2025\/04\/Weber.png\" width=\"140\" height=\"70\" alt=\"\" title=\"Weber\" aria-label=\"Weber\" class=\"img-responsive wp-image-285\"  \/><\/a><\/div><\/div><div style=\"padding:15px;\" class=\"fusion-grid-column fusion-gallery-column fusion-gallery-column-4 hover-type-zoomin\"><div class=\"fusion-gallery-image\"><a href=\"http:\/\/www.climowool.com\/\" target=\"_blank\"><img decoding=\"async\" src=\"https:\/\/www.materialsdb.org\/wp-content\/uploads\/sites\/3\/2025\/04\/Climwool.png\" width=\"140\" height=\"70\" alt=\"\" title=\"Climwool\" aria-label=\"Climwool\" class=\"img-responsive wp-image-370\"  \/><\/a><\/div><\/div><div style=\"padding:15px;\" class=\"fusion-grid-column fusion-gallery-column fusion-gallery-column-4 hover-type-zoomin\"><div class=\"fusion-gallery-image\"><a href=\"http:\/\/www.bauder.ag\/fr\/\" target=\"_blank\"><img decoding=\"async\" src=\"https:\/\/www.materialsdb.org\/wp-content\/uploads\/sites\/3\/2025\/04\/Bauder.png\" width=\"140\" height=\"70\" alt=\"\" title=\"Bauder\" aria-label=\"Bauder\" class=\"img-responsive wp-image-373\"  \/><\/a><\/div><\/div><div style=\"padding:15px;\" class=\"fusion-grid-column fusion-gallery-column fusion-gallery-column-4 hover-type-zoomin\"><div class=\"fusion-gallery-image\"><a href=\"https:\/\/ch-fr.proclima.com\/\" target=\"_blank\"><img decoding=\"async\" src=\"https:\/\/www.materialsdb.org\/wp-content\/uploads\/sites\/3\/2025\/04\/Proclima.png\" width=\"140\" height=\"70\" alt=\"\" title=\"Proclima\" aria-label=\"Proclima\" class=\"img-responsive wp-image-270\"  \/><\/a><\/div><\/div><div class=\"clearfix\"><\/div><div style=\"padding:15px;\" class=\"fusion-grid-column fusion-gallery-column fusion-gallery-column-4 hover-type-zoomin\"><div class=\"fusion-gallery-image\"><a href=\"http:\/\/www.knaufinsulation.ch\/\" target=\"_blank\"><img decoding=\"async\" src=\"https:\/\/www.materialsdb.org\/wp-content\/uploads\/sites\/3\/2025\/04\/Knauf-Insulation.png\" width=\"140\" height=\"70\" alt=\"\" title=\"Knauf Insulation\" aria-label=\"Knauf Insulation\" class=\"img-responsive wp-image-334\"  \/><\/a><\/div><\/div><div style=\"padding:15px;\" class=\"fusion-grid-column fusion-gallery-column fusion-gallery-column-4 hover-type-zoomin\"><div class=\"fusion-gallery-image\"><a href=\"http:\/\/www.soprema.ch\/\" target=\"_blank\"><img decoding=\"async\" src=\"https:\/\/www.materialsdb.org\/wp-content\/uploads\/sites\/3\/2025\/04\/Soprema-1.png\" width=\"140\" height=\"70\" alt=\"\" title=\"Soprema\" aria-label=\"Soprema\" class=\"img-responsive wp-image-306\"  \/><\/a><\/div><\/div><div style=\"padding:15px;\" class=\"fusion-grid-column fusion-gallery-column fusion-gallery-column-4 hover-type-zoomin\"><div class=\"fusion-gallery-image\"><a href=\"https:\/\/www.ecococon.eu\/\" target=\"_blank\"><img decoding=\"async\" src=\"https:\/\/www.materialsdb.org\/wp-content\/uploads\/sites\/3\/2025\/04\/EcoCocon-1.png\" width=\"140\" height=\"70\" alt=\"\" title=\"EcoCocon\" aria-label=\"EcoCocon\" class=\"img-responsive wp-image-367\"  \/><\/a><\/div><\/div><div style=\"padding:15px;\" class=\"fusion-grid-column fusion-gallery-column fusion-gallery-column-4 hover-type-zoomin\"><div class=\"fusion-gallery-image\"><a href=\"http:\/\/www.swisspor.ch\/\" target=\"_blank\"><img decoding=\"async\" src=\"https:\/\/www.materialsdb.org\/wp-content\/uploads\/sites\/3\/2025\/04\/Swisspor.png\" width=\"140\" height=\"70\" alt=\"\" title=\"Swisspor\" aria-label=\"Swisspor\" class=\"img-responsive wp-image-300\"  \/><\/a><\/div><\/div><div class=\"clearfix\"><\/div><div style=\"padding:15px;\" class=\"fusion-grid-column fusion-gallery-column fusion-gallery-column-4 hover-type-zoomin\"><div class=\"fusion-gallery-image\"><a href=\"http:\/\/www.sager.ch\/\" target=\"_blank\"><img decoding=\"async\" src=\"https:\/\/www.materialsdb.org\/wp-content\/uploads\/sites\/3\/2025\/04\/Sager.png\" width=\"140\" height=\"70\" alt=\"\" title=\"Sager\" aria-label=\"Sager\" class=\"img-responsive wp-image-328\"  \/><\/a><\/div><\/div><div style=\"padding:15px;\" class=\"fusion-grid-column fusion-gallery-column fusion-gallery-column-4 hover-type-zoomin\"><div class=\"fusion-gallery-image\"><a href=\"http:\/\/www.isover.ch\/\" target=\"_blank\"><img decoding=\"async\" src=\"https:\/\/www.materialsdb.org\/wp-content\/uploads\/sites\/3\/2025\/04\/Isover.png\" width=\"140\" height=\"70\" alt=\"\" title=\"Isover\" aria-label=\"Isover\" class=\"img-responsive wp-image-346\"  \/><\/a><\/div><\/div><div style=\"padding:15px;\" class=\"fusion-grid-column fusion-gallery-column fusion-gallery-column-4 hover-type-zoomin\"><div class=\"fusion-gallery-image\"><a href=\"http:\/\/www.flumroc.ch\/\" target=\"_blank\"><img decoding=\"async\" src=\"https:\/\/www.materialsdb.org\/wp-content\/uploads\/sites\/3\/2025\/04\/Flumroc.png\" width=\"140\" height=\"70\" alt=\"\" title=\"Flumroc\" aria-label=\"Flumroc\" class=\"img-responsive wp-image-276\"  \/><\/a><\/div><\/div><div style=\"padding:15px;\" class=\"fusion-grid-column fusion-gallery-column fusion-gallery-column-4 hover-type-zoomin\"><div class=\"fusion-gallery-image\"><a href=\"http:\/\/www.misapor.ch\/\" target=\"_blank\"><img decoding=\"async\" src=\"https:\/\/www.materialsdb.org\/wp-content\/uploads\/sites\/3\/2025\/04\/Misapor.png\" width=\"140\" height=\"70\" alt=\"\" title=\"Misapor\" aria-label=\"Misapor\" class=\"img-responsive wp-image-316\"  \/><\/a><\/div><\/div><div class=\"clearfix\"><\/div><div style=\"padding:15px;\" class=\"fusion-grid-column fusion-gallery-column fusion-gallery-column-4 hover-type-zoomin\"><div class=\"fusion-gallery-image\"><a href=\"http:\/\/www.ziegeleien.biz\/\" target=\"_blank\"><img decoding=\"async\" src=\"https:\/\/www.materialsdb.org\/wp-content\/uploads\/sites\/3\/2025\/04\/Tuileries.png\" width=\"140\" height=\"70\" alt=\"\" title=\"Tuileries\" aria-label=\"Tuileries\" class=\"img-responsive wp-image-288\"  \/><\/a><\/div><\/div><div style=\"padding:15px;\" class=\"fusion-grid-column fusion-gallery-column fusion-gallery-column-4 hover-type-zoomin\"><div class=\"fusion-gallery-image\"><a href=\"http:\/\/www.morandi.ch\/\" target=\"_blank\"><img decoding=\"async\" src=\"https:\/\/www.materialsdb.org\/wp-content\/uploads\/sites\/3\/2025\/04\/Gasser-Ceramic.png\" width=\"140\" height=\"70\" alt=\"\" title=\"Gasser Ceramic\" aria-label=\"Gasser Ceramic\" class=\"img-responsive wp-image-358\"  \/><\/a><\/div><\/div><div style=\"padding:15px;\" class=\"fusion-grid-column fusion-gallery-column fusion-gallery-column-4 hover-type-zoomin\"><div class=\"fusion-gallery-image\"><a href=\"http:\/\/www.heraklith.com\/\" target=\"_blank\"><img decoding=\"async\" src=\"https:\/\/www.materialsdb.org\/wp-content\/uploads\/sites\/3\/2025\/04\/Heraklith.png\" width=\"140\" height=\"70\" alt=\"\" title=\"Heraklith\" aria-label=\"Heraklith\" class=\"img-responsive wp-image-349\"  \/><\/a><\/div><\/div><div style=\"padding:15px;\" class=\"fusion-grid-column fusion-gallery-column fusion-gallery-column-4 hover-type-zoomin\"><div class=\"fusion-gallery-image\"><a href=\"http:\/\/www.siga.ch\/\" target=\"_blank\"><img decoding=\"async\" src=\"https:\/\/www.materialsdb.org\/wp-content\/uploads\/sites\/3\/2025\/04\/Siga.gif\" width=\"140\" height=\"70\" alt=\"\" title=\"Siga\" aria-label=\"Siga\" class=\"img-responsive wp-image-319\"  \/><\/a><\/div><\/div><div class=\"clearfix\"><\/div><div style=\"padding:15px;\" class=\"fusion-grid-column fusion-gallery-column fusion-gallery-column-4 hover-type-zoomin\"><div class=\"fusion-gallery-image\"><a href=\"https:\/\/www.targo-ag.ch\/\" target=\"_blank\"><img decoding=\"async\" src=\"https:\/\/www.materialsdb.org\/wp-content\/uploads\/sites\/3\/2025\/04\/Targo.png\" width=\"140\" height=\"70\" alt=\"\" title=\"Targo\" aria-label=\"Targo\" class=\"img-responsive wp-image-294\"  \/><\/a><\/div><\/div><div style=\"padding:15px;\" class=\"fusion-grid-column fusion-gallery-column fusion-gallery-column-4 hover-type-zoomin\"><div class=\"fusion-gallery-image\"><a href=\"https:\/\/www.ampack.biz\/eu-en\" target=\"_blank\"><img decoding=\"async\" src=\"https:\/\/www.materialsdb.org\/wp-content\/uploads\/sites\/3\/2025\/04\/Ampack.png\" width=\"140\" height=\"70\" alt=\"\" title=\"Ampack\" aria-label=\"Ampack\" class=\"img-responsive wp-image-282\"  \/><\/a><\/div><\/div><div style=\"padding:15px;\" class=\"fusion-grid-column fusion-gallery-column fusion-gallery-column-4 hover-type-zoomin\"><div class=\"fusion-gallery-image\"><a href=\"http:\/\/www.schneider-holz.com\/\" target=\"_blank\"><img decoding=\"async\" src=\"https:\/\/www.materialsdb.org\/wp-content\/uploads\/sites\/3\/2025\/04\/Schneider.png\" width=\"140\" height=\"70\" alt=\"\" title=\"Schneider\" aria-label=\"Schneider\" class=\"img-responsive wp-image-267\"  \/><\/a><\/div><\/div><div style=\"padding:15px;\" class=\"fusion-grid-column fusion-gallery-column fusion-gallery-column-4 hover-type-zoomin\"><div class=\"fusion-gallery-image\"><a href=\"https:\/\/knauf.ch\/\" target=\"_blank\"><img decoding=\"async\" src=\"https:\/\/www.materialsdb.org\/wp-content\/uploads\/sites\/3\/2025\/04\/Knauf.png\" width=\"140\" height=\"70\" alt=\"\" title=\"Knauf\" aria-label=\"Knauf\" class=\"img-responsive wp-image-340\"  \/><\/a><\/div><\/div><div class=\"clearfix\"><\/div><div style=\"padding:15px;\" class=\"fusion-grid-column fusion-gallery-column fusion-gallery-column-4 hover-type-zoomin\"><div class=\"fusion-gallery-image\"><a href=\"http:\/\/www.fixit.ch\/\" target=\"_blank\"><img decoding=\"async\" src=\"https:\/\/www.materialsdb.org\/wp-content\/uploads\/sites\/3\/2025\/04\/Fixit.png\" width=\"140\" height=\"70\" alt=\"\" title=\"Fixit\" aria-label=\"Fixit\" class=\"img-responsive wp-image-364\"  \/><\/a><\/div><\/div><div style=\"padding:15px;\" class=\"fusion-grid-column fusion-gallery-column fusion-gallery-column-4 hover-type-zoomin\"><div class=\"fusion-gallery-image\"><a href=\"http:\/\/che.sika.com\/\" target=\"_blank\"><img decoding=\"async\" src=\"https:\/\/www.materialsdb.org\/wp-content\/uploads\/sites\/3\/2025\/04\/Sika-Schweiz.png\" width=\"140\" height=\"70\" alt=\"\" title=\"Sika Schweiz\" aria-label=\"Sika Schweiz\" class=\"img-responsive wp-image-309\"  \/><\/a><\/div><\/div><div style=\"padding:15px;\" class=\"fusion-grid-column fusion-gallery-column fusion-gallery-column-4 hover-type-zoomin\"><div class=\"fusion-gallery-image\"><a href=\"http:\/\/www.fermacell.ch\/\" target=\"_blank\"><img decoding=\"async\" src=\"https:\/\/www.materialsdb.org\/wp-content\/uploads\/sites\/3\/2025\/09\/Fermacell.png\" width=\"140\" height=\"70\" alt=\"\" title=\"Fermacell\" aria-label=\"Fermacell\" class=\"img-responsive wp-image-431\"  \/><\/a><\/div><\/div><div style=\"padding:15px;\" class=\"fusion-grid-column fusion-gallery-column fusion-gallery-column-4 hover-type-zoomin\"><div class=\"fusion-gallery-image\"><a href=\"http:\/\/www.jackon-insulation.com\/en\/home\/\" target=\"_blank\"><img decoding=\"async\" src=\"https:\/\/www.materialsdb.org\/wp-content\/uploads\/sites\/3\/2025\/04\/Jackon.png\" width=\"140\" height=\"70\" alt=\"\" title=\"Jackon\" aria-label=\"Jackon\" class=\"img-responsive wp-image-343\"  \/><\/a><\/div><\/div><div class=\"clearfix\"><\/div><div style=\"padding:15px;\" class=\"fusion-grid-column fusion-gallery-column fusion-gallery-column-4 hover-type-zoomin\"><div class=\"fusion-gallery-image\"><a href=\"https:\/\/www.jameshardie.ch\/\" target=\"_blank\"><img decoding=\"async\" src=\"https:\/\/www.materialsdb.org\/wp-content\/uploads\/sites\/3\/2025\/09\/James-Hardie.png\" width=\"140\" height=\"70\" alt=\"\" title=\"James-Hardie\" aria-label=\"James-Hardie\" class=\"img-responsive wp-image-434\"  \/><\/a><\/div><\/div><div style=\"padding:15px;\" class=\"fusion-grid-column fusion-gallery-column fusion-gallery-column-4 hover-type-zoomin\"><div class=\"fusion-gallery-image\"><a href=\"http:\/\/www.greutol.ch\/\" target=\"_blank\"><img decoding=\"async\" src=\"https:\/\/www.materialsdb.org\/wp-content\/uploads\/sites\/3\/2025\/04\/Greutol-1.png\" width=\"140\" height=\"70\" alt=\"\" title=\"Greutol\" aria-label=\"Greutol\" class=\"img-responsive wp-image-355\"  \/><\/a><\/div><\/div><div style=\"padding:15px;\" class=\"fusion-grid-column fusion-gallery-column fusion-gallery-column-4 hover-type-zoomin\"><div class=\"fusion-gallery-image\"><a href=\"http:\/\/www.gyso.ch\/\" target=\"_blank\"><img decoding=\"async\" src=\"https:\/\/www.materialsdb.org\/wp-content\/uploads\/sites\/3\/2025\/04\/Gyso.png\" width=\"140\" height=\"70\" alt=\"\" title=\"Gyso\" aria-label=\"Gyso\" class=\"img-responsive wp-image-322\"  \/><\/a><\/div><\/div><div style=\"padding:15px;\" class=\"fusion-grid-column fusion-gallery-column fusion-gallery-column-4 hover-type-zoomin\"><div class=\"fusion-gallery-image\"><a href=\"https:\/\/www.synthesia.com\/en\/\" target=\"_blank\"><img decoding=\"async\" src=\"https:\/\/www.materialsdb.org\/wp-content\/uploads\/sites\/3\/2025\/04\/Synthesia-1.png\" width=\"140\" height=\"70\" alt=\"\" title=\"Synthesia\" aria-label=\"Synthesia\" class=\"img-responsive wp-image-297\"  \/><\/a><\/div><\/div><div class=\"clearfix\"><\/div><div style=\"padding:15px;\" class=\"fusion-grid-column fusion-gallery-column fusion-gallery-column-4 hover-type-zoomin\"><div class=\"fusion-gallery-image\"><a href=\"http:\/\/www.rigips.ch\/\" target=\"_blank\"><img decoding=\"async\" src=\"https:\/\/www.materialsdb.org\/wp-content\/uploads\/sites\/3\/2025\/04\/Rigips.png\" width=\"140\" height=\"70\" alt=\"\" title=\"Rigips\" aria-label=\"Rigips\" class=\"img-responsive wp-image-331\"  \/><\/a><\/div><\/div><div style=\"padding:15px;\" class=\"fusion-grid-column fusion-gallery-column fusion-gallery-column-4 hover-type-zoomin\"><div class=\"fusion-gallery-image\"><a href=\"http:\/\/www.isofloc.ch\/\" target=\"_blank\"><img decoding=\"async\" src=\"https:\/\/www.materialsdb.org\/wp-content\/uploads\/sites\/3\/2025\/04\/Isofloc.png\" width=\"140\" height=\"70\" alt=\"\" title=\"Isofloc\" aria-label=\"Isofloc\" class=\"img-responsive wp-image-273\"  \/><\/a><\/div><\/div><div style=\"padding:15px;\" class=\"fusion-grid-column fusion-gallery-column fusion-gallery-column-4 hover-type-zoomin\"><div class=\"fusion-gallery-image\"><a href=\"https:\/\/www.dietrich-isol.ch\/\" target=\"_blank\"><img decoding=\"async\" src=\"https:\/\/www.materialsdb.org\/wp-content\/uploads\/sites\/3\/2025\/11\/Dietrichpng.png\" width=\"140\" height=\"70\" alt=\"\" title=\"Dietrichpng\" aria-label=\"Dietrichpng\" class=\"img-responsive wp-image-444\"  \/><\/a><\/div><\/div><div style=\"padding:15px;\" class=\"fusion-grid-column fusion-gallery-column fusion-gallery-column-4 hover-type-zoomin\"><div class=\"fusion-gallery-image\"><a href=\"http:\/\/www.roefix.ch\/\" target=\"_blank\"><img decoding=\"async\" src=\"https:\/\/www.materialsdb.org\/wp-content\/uploads\/sites\/3\/2025\/04\/Rofix-1.png\" width=\"140\" height=\"70\" alt=\"\" title=\"R\u00f6fix\" aria-label=\"R\u00f6fix\" class=\"img-responsive wp-image-312\"  \/><\/a><\/div><\/div><div class=\"clearfix\"><\/div><div style=\"padding:15px;\" class=\"fusion-grid-column fusion-gallery-column fusion-gallery-column-4 hover-type-zoomin\"><div class=\"fusion-gallery-image\"><a href=\"https:\/\/www.foamglas.com\/\" target=\"_blank\"><img decoding=\"async\" src=\"https:\/\/www.materialsdb.org\/wp-content\/uploads\/sites\/3\/2025\/04\/Foamglas.png\" width=\"140\" height=\"70\" alt=\"\" title=\"Foamglas\" aria-label=\"Foamglas\" class=\"img-responsive wp-image-361\"  \/><\/a><\/div><\/div><\/div><\/div><\/div><\/div><\/div><\/div>\n","protected":false},"excerpt":{"rendered":"","protected":false},"author":1,"featured_media":0,"parent":0,"menu_order":1,"comment_status":"closed","ping_status":"closed","template":"100-width.php","meta":{"footnotes":""},"class_list":["post-193","page","type-page","status-publish","hentry"],"_links":{"self":[{"href":"https:\/\/www.materialsdb.org\/de\/wp-json\/wp\/v2\/pages\/193","targetHints":{"allow":["GET"]}}],"collection":[{"href":"https:\/\/www.materialsdb.org\/de\/wp-json\/wp\/v2\/pages"}],"about":[{"href":"https:\/\/www.materialsdb.org\/de\/wp-json\/wp\/v2\/types\/page"}],"author":[{"embeddable":true,"href":"https:\/\/www.materialsdb.org\/de\/wp-json\/wp\/v2\/users\/1"}],"replies":[{"embeddable":true,"href":"https:\/\/www.materialsdb.org\/de\/wp-json\/wp\/v2\/comments?post=193"}],"version-history":[{"count":14,"href":"https:\/\/www.materialsdb.org\/de\/wp-json\/wp\/v2\/pages\/193\/revisions"}],"predecessor-version":[{"id":447,"href":"https:\/\/www.materialsdb.org\/de\/wp-json\/wp\/v2\/pages\/193\/revisions\/447"}],"wp:attachment":[{"href":"https:\/\/www.materialsdb.org\/de\/wp-json\/wp\/v2\/media?parent=193"}],"curies":[{"name":"wp","href":"https:\/\/api.w.org\/{rel}","templated":true}]}}