{"id":196,"date":"2025-04-07T10:28:33","date_gmt":"2025-04-07T08:28:33","guid":{"rendered":"https:\/\/materialsdb.lesosai.com\/presentation\/"},"modified":"2025-04-29T12:13:06","modified_gmt":"2025-04-29T10:13:06","slug":"presentation","status":"publish","type":"page","link":"https:\/\/www.materialsdb.org\/de\/presentation\/","title":{"rendered":"Pr\u00e4sentation"},"content":{"rendered":"<div class=\"fusion-fullwidth fullwidth-box fusion-builder-row-1 fusion-flex-container nonhundred-percent-fullwidth non-hundred-percent-height-scrolling\" style=\"--awb-border-radius-top-left:0px;--awb-border-radius-top-right:0px;--awb-border-radius-bottom-right:0px;--awb-border-radius-bottom-left:0px;--awb-flex-wrap:wrap;\" ><div class=\"fusion-builder-row fusion-row fusion-flex-align-items-flex-start fusion-flex-content-wrap\" style=\"max-width:1040px;margin-left: calc(-4% \/ 2 );margin-right: calc(-4% \/ 2 );\"><div class=\"fusion-layout-column fusion_builder_column fusion-builder-column-0 fusion_builder_column_1_1 1_1 fusion-flex-column\" style=\"--awb-bg-size:cover;--awb-width-large:100%;--awb-margin-top-large:0px;--awb-spacing-right-large:1.92%;--awb-margin-bottom-large:0px;--awb-spacing-left-large:1.92%;--awb-width-medium:100%;--awb-spacing-right-medium:1.92%;--awb-spacing-left-medium:1.92%;--awb-width-small:100%;--awb-spacing-right-small:1.92%;--awb-spacing-left-small:1.92%;\"><div class=\"fusion-column-wrapper fusion-flex-justify-content-flex-start fusion-content-layout-column\"><div class=\"fusion-text fusion-text-1\"><p>Das Ziel der Plattform ist die vereinfachte \u00dcbermittlung von Daten zwischen Herstellern von Baumaterialien und Bauphysikprogrammen. \u00a0Die Kundenprogramme k\u00f6nnen \u00fcber eine Herstellerliste xml Dateien mit den angebotenen Baustoffen vom Internet herunterladen.<\/p>\n<p>Das folgende Schema zeigt, wie das System funktioniert.<\/p>\n<\/div><div class=\"fusion-image-element \" style=\"text-align:center;--awb-margin-top:20px;--awb-margin-bottom:20px;--awb-max-width:500px;--awb-caption-title-font-family:var(--h2_typography-font-family);--awb-caption-title-font-weight:var(--h2_typography-font-weight);--awb-caption-title-font-style:var(--h2_typography-font-style);--awb-caption-title-size:var(--h2_typography-font-size);--awb-caption-title-transform:var(--h2_typography-text-transform);--awb-caption-title-line-height:var(--h2_typography-line-height);--awb-caption-title-letter-spacing:var(--h2_typography-letter-spacing);\"><span class=\" fusion-imageframe imageframe-none imageframe-1 hover-type-none\"><a href=\"https:\/\/www.materialsdb.org\/wp-content\/uploads\/sites\/3\/2025\/04\/materialsdblogic_1600.png\" class=\"fusion-lightbox\" data-rel=\"iLightbox[0ae9fecae761c8627e6]\" data-title=\"materialsdblogic_1600\" title=\"materialsdblogic_1600\"><img decoding=\"async\" width=\"1024\" height=\"874\" src=\"https:\/\/www.materialsdb.org\/wp-content\/uploads\/sites\/3\/2025\/04\/materialsdblogic_1600-1024x874.png\" alt class=\"img-responsive wp-image-211\" srcset=\"https:\/\/www.materialsdb.org\/wp-content\/uploads\/sites\/3\/2025\/04\/materialsdblogic_1600-200x171.png 200w, https:\/\/www.materialsdb.org\/wp-content\/uploads\/sites\/3\/2025\/04\/materialsdblogic_1600-400x341.png 400w, https:\/\/www.materialsdb.org\/wp-content\/uploads\/sites\/3\/2025\/04\/materialsdblogic_1600-600x512.png 600w, https:\/\/www.materialsdb.org\/wp-content\/uploads\/sites\/3\/2025\/04\/materialsdblogic_1600-800x683.png 800w, https:\/\/www.materialsdb.org\/wp-content\/uploads\/sites\/3\/2025\/04\/materialsdblogic_1600-1200x1024.png 1200w, https:\/\/www.materialsdb.org\/wp-content\/uploads\/sites\/3\/2025\/04\/materialsdblogic_1600.png 1600w\" sizes=\"(max-width: 640px) 100vw, 1200px\" \/><\/a><\/span><\/div><div class=\"fusion-text fusion-text-2\"><p>Das \u00ab\u00a0open source\u00a0\u00bb-Format wurde f\u00fcr eine m\u00f6glichst weite Anwendung in XML (Extensible Markup Language) gew\u00e4hlt und kann je nach Bed\u00fcrfnissen weiter entwickelt werden. Die Hauptneuigkeit in Bezug auf bestehende Materialdatenbanken ist die Dezentralisierung: jeder Hersteller verwaltet seine eigene Datenbank (im Standardformat), was eine regelm\u00e4ssige Aktualisierung der Daten gew\u00e4hrleistet. Die Computerprogramme laden individuelle Datenbanken von den Webseiten der Hersteller herunter.<\/p>\n<p>Das gew\u00e4hlte Format erlaubt das Exportieren von Daten individueller Baustoffe oder vorberechneter Bauteile (Mauern, D\u00e4cher usw). Es umfasst die physischen und geometrischen Daten der betroffenen Elemente, Links zu entsprechenden Berichten und Abbildungen sowie Erl\u00e4uterungen zur Benutzung.<\/p>\n<p>In der folgenden Abbildung sehen Sie ein xml-Datei-Beispiel\u00a0:<\/p>\n<\/div><div class=\"fusion-image-element \" style=\"text-align:center;--awb-margin-bottom:40px;--awb-caption-title-font-family:var(--h2_typography-font-family);--awb-caption-title-font-weight:var(--h2_typography-font-weight);--awb-caption-title-font-style:var(--h2_typography-font-style);--awb-caption-title-size:var(--h2_typography-font-size);--awb-caption-title-transform:var(--h2_typography-text-transform);--awb-caption-title-line-height:var(--h2_typography-line-height);--awb-caption-title-letter-spacing:var(--h2_typography-letter-spacing);\"><span class=\" fusion-imageframe imageframe-none imageframe-2 hover-type-none\"><img decoding=\"async\" width=\"523\" height=\"234\" title=\"example\" src=\"https:\/\/www.materialsdb.org\/wp-content\/uploads\/sites\/3\/2025\/04\/example.gif\" alt class=\"img-responsive wp-image-176\"\/><\/span><\/div><div class=\"fusion-text fusion-text-3\"><p>Dateispezifikationen finden Sie auf der Seite \u00ab\u00a0Herunterladen\u00a0\u00bb.<\/p>\n<\/div><\/div><\/div><\/div><\/div>\n","protected":false},"excerpt":{"rendered":"","protected":false},"author":1,"featured_media":0,"parent":0,"menu_order":2,"comment_status":"closed","ping_status":"closed","template":"100-width.php","meta":{"footnotes":""},"class_list":["post-196","page","type-page","status-publish","hentry"],"_links":{"self":[{"href":"https:\/\/www.materialsdb.org\/de\/wp-json\/wp\/v2\/pages\/196","targetHints":{"allow":["GET"]}}],"collection":[{"href":"https:\/\/www.materialsdb.org\/de\/wp-json\/wp\/v2\/pages"}],"about":[{"href":"https:\/\/www.materialsdb.org\/de\/wp-json\/wp\/v2\/types\/page"}],"author":[{"embeddable":true,"href":"https:\/\/www.materialsdb.org\/de\/wp-json\/wp\/v2\/users\/1"}],"replies":[{"embeddable":true,"href":"https:\/\/www.materialsdb.org\/de\/wp-json\/wp\/v2\/comments?post=196"}],"version-history":[{"count":15,"href":"https:\/\/www.materialsdb.org\/de\/wp-json\/wp\/v2\/pages\/196\/revisions"}],"predecessor-version":[{"id":421,"href":"https:\/\/www.materialsdb.org\/de\/wp-json\/wp\/v2\/pages\/196\/revisions\/421"}],"wp:attachment":[{"href":"https:\/\/www.materialsdb.org\/de\/wp-json\/wp\/v2\/media?parent=196"}],"curies":[{"name":"wp","href":"https:\/\/api.w.org\/{rel}","templated":true}]}}